{"id":59,"date":"2025-03-25T16:12:00","date_gmt":"2025-03-25T15:12:00","guid":{"rendered":"http:\/\/www.cassandrepramil.fr\/index.php\/services-2\/"},"modified":"2026-01-31T11:28:22","modified_gmt":"2026-01-31T10:28:22","slug":"services-2","status":"publish","type":"page","link":"https:\/\/www.cassandrepramil.fr\/index.php\/services-2\/","title":{"rendered":"Services"},"content":{"rendered":"\t\t<div data-elementor-type=\"wp-page\" data-elementor-id=\"59\" class=\"elementor elementor-59\" data-elementor-post-type=\"page\">\n\t\t\t\t<div class=\"elementor-element elementor-element-1ff68f26 e-flex e-con-boxed e-con e-parent\" data-id=\"1ff68f26\" data-element_type=\"container\" data-settings=\"{&quot;background_background&quot;:&quot;classic&quot;}\">\n\t\t\t\t\t<div class=\"e-con-inner\">\n\t\t<div class=\"elementor-element elementor-element-539bcd2d e-con-full e-flex e-con e-child\" data-id=\"539bcd2d\" data-element_type=\"container\" data-settings=\"{&quot;background_background&quot;:&quot;classic&quot;}\">\n\t\t\t\t<div class=\"elementor-element elementor-element-1ac8070c elementor-widget elementor-widget-heading\" data-id=\"1ac8070c\" data-element_type=\"widget\" data-widget_type=\"heading.default\">\n\t\t\t\t<div class=\"elementor-widget-container\">\n\t\t\t\t\t<h1 class=\"elementor-heading-title elementor-size-default\">Mes services<\/h1>\t\t\t\t<\/div>\n\t\t\t\t<\/div>\n\t\t\t\t<div class=\"elementor-element elementor-element-4d4a899a elementor-widget__width-initial elementor-widget elementor-widget-text-editor\" data-id=\"4d4a899a\" data-element_type=\"widget\" data-widget_type=\"text-editor.default\">\n\t\t\t\t<div class=\"elementor-widget-container\">\n\t\t\t\t\t\t\t\t\t<p style=\"text-align: center;\"><span style=\"color: #b38b79;\">Parce que chaque famille est unique (et que les manuels parfaits de parentalit\u00e9 n\u2019existent pas),\u00a0j\u2019offre des solutions douces et adapt\u00e9es \u00e0 vos besoins.<\/span><\/p><p style=\"text-align: center;\"><span style=\"color: #b38b79;\">Ici, vous trouverez une oreille attentive, un soutien chaleureux\u2026 et un peu de l\u00e9g\u00e8ret\u00e9 pour d\u00e9dramatiser le quotidien.<\/span><\/p>\t\t\t\t\t\t\t\t<\/div>\n\t\t\t\t<\/div>\n\t\t\t\t<\/div>\n\t\t\t\t\t<\/div>\n\t\t\t\t<\/div>\n\t\t<div class=\"elementor-element elementor-element-43278b61 e-flex e-con-boxed e-con e-parent\" data-id=\"43278b61\" data-element_type=\"container\" data-settings=\"{&quot;background_background&quot;:&quot;classic&quot;}\">\n\t\t\t\t\t<div class=\"e-con-inner\">\n\t\t<div class=\"elementor-element elementor-element-1fa3c55b e-con-full e-flex e-con e-child\" data-id=\"1fa3c55b\" data-element_type=\"container\">\n\t\t\t\t<div class=\"elementor-element elementor-element-26d4874 elementor-widget-mobile__width-inherit elementor-widget elementor-widget-heading\" data-id=\"26d4874\" data-element_type=\"widget\" data-widget_type=\"heading.default\">\n\t\t\t\t<div class=\"elementor-widget-container\">\n\t\t\t\t\t<h2 class=\"elementor-heading-title elementor-size-default\">Sommeil b\u00e9b\u00e9 et enfants<\/h2>\t\t\t\t<\/div>\n\t\t\t\t<\/div>\n\t\t\t\t<div class=\"elementor-element elementor-element-2c5937f0 elementor-widget elementor-widget-text-editor\" data-id=\"2c5937f0\" data-element_type=\"widget\" data-widget_type=\"text-editor.default\">\n\t\t\t\t<div class=\"elementor-widget-container\">\n\t\t\t\t\t\t\t\t\t<p>Pour accompagner toute la famille vers des <strong>nuits plus paisibles,<\/strong> en respectant le rythme et les besoins de chaque enfant, gr\u00e2ce \u00e0 mon <strong>accompagnement en sommeil<\/strong> et \u00e0 mes services de <strong>nurse de nuit<\/strong>.<\/p>\t\t\t\t\t\t\t\t<\/div>\n\t\t\t\t<\/div>\n\t\t\t\t<div class=\"elementor-element elementor-element-21a13e3d elementor-align-left elementor-mobile-align-center elementor-widget elementor-widget-button\" data-id=\"21a13e3d\" data-element_type=\"widget\" data-widget_type=\"button.default\">\n\t\t\t\t<div class=\"elementor-widget-container\">\n\t\t\t\t\t\t\t\t\t<div class=\"elementor-button-wrapper\">\n\t\t\t\t\t<a class=\"elementor-button elementor-button-link elementor-size-sm\" href=\"https:\/\/www.cassandrepramil.fr\/index.php\/sommeil-bebe-et-enfants\/\">\n\t\t\t\t\t\t<span class=\"elementor-button-content-wrapper\">\n\t\t\t\t\t\t\t\t\t<span class=\"elementor-button-text\">D\u00e9couvrir<\/span>\n\t\t\t\t\t<\/span>\n\t\t\t\t\t<\/a>\n\t\t\t\t<\/div>\n\t\t\t\t\t\t\t\t<\/div>\n\t\t\t\t<\/div>\n\t\t\t\t<\/div>\n\t\t<div class=\"elementor-element elementor-element-f2ddae7 e-con-full e-flex e-con e-child\" data-id=\"f2ddae7\" data-element_type=\"container\">\n\t\t\t\t<div class=\"elementor-element elementor-element-15defa1d elementor-widget-mobile__width-inherit e-transform elementor-invisible elementor-widget elementor-widget-image\" data-id=\"15defa1d\" data-element_type=\"widget\" data-settings=\"{&quot;_animation&quot;:&quot;fadeInUp&quot;,&quot;_animation_mobile&quot;:&quot;none&quot;,&quot;_transform_scale_effect_mobile&quot;:{&quot;unit&quot;:&quot;px&quot;,&quot;size&quot;:2,&quot;sizes&quot;:[]},&quot;_transform_scale_effect&quot;:{&quot;unit&quot;:&quot;px&quot;,&quot;size&quot;:&quot;&quot;,&quot;sizes&quot;:[]},&quot;_transform_scale_effect_tablet&quot;:{&quot;unit&quot;:&quot;px&quot;,&quot;size&quot;:&quot;&quot;,&quot;sizes&quot;:[]}}\" data-widget_type=\"image.default\">\n\t\t\t\t<div class=\"elementor-widget-container\">\n\t\t\t\t\t\t\t\t\t\t\t\t\t\t\t<img fetchpriority=\"high\" decoding=\"async\" width=\"300\" height=\"200\" src=\"https:\/\/www.cassandrepramil.fr\/wp-content\/uploads\/2025\/10\/PHOTO-2025-10-02-14-00-17-300x200.jpg\" class=\"attachment-medium size-medium wp-image-1715\" alt=\"\" srcset=\"https:\/\/www.cassandrepramil.fr\/wp-content\/uploads\/2025\/10\/PHOTO-2025-10-02-14-00-17-300x200.jpg 300w, https:\/\/www.cassandrepramil.fr\/wp-content\/uploads\/2025\/10\/PHOTO-2025-10-02-14-00-17-1024x684.jpg 1024w, https:\/\/www.cassandrepramil.fr\/wp-content\/uploads\/2025\/10\/PHOTO-2025-10-02-14-00-17-768x513.jpg 768w, https:\/\/www.cassandrepramil.fr\/wp-content\/uploads\/2025\/10\/PHOTO-2025-10-02-14-00-17-1536x1025.jpg 1536w, https:\/\/www.cassandrepramil.fr\/wp-content\/uploads\/2025\/10\/PHOTO-2025-10-02-14-00-17-1200x800.jpg 1200w, https:\/\/www.cassandrepramil.fr\/wp-content\/uploads\/2025\/10\/PHOTO-2025-10-02-14-00-17.jpg 1600w\" sizes=\"(max-width: 300px) 100vw, 300px\" \/>\t\t\t\t\t\t\t\t\t\t\t\t\t\t\t<\/div>\n\t\t\t\t<\/div>\n\t\t\t\t<div class=\"elementor-element elementor-element-1af11321 elementor-widget elementor-widget-image\" data-id=\"1af11321\" data-element_type=\"widget\" data-widget_type=\"image.default\">\n\t\t\t\t<div class=\"elementor-widget-container\">\n\t\t\t\t\t\t\t\t\t\t\t\t\t\t\t<img decoding=\"async\" width=\"450\" height=\"225\" src=\"https:\/\/www.cassandrepramil.fr\/wp-content\/uploads\/2025\/07\/half-circle.svg\" class=\"attachment-medium_large size-medium_large wp-image-10\" alt=\"\" \/>\t\t\t\t\t\t\t\t\t\t\t\t\t\t\t<\/div>\n\t\t\t\t<\/div>\n\t\t\t\t<\/div>\n\t\t\t\t\t<\/div>\n\t\t\t\t<\/div>\n\t\t<div class=\"elementor-element elementor-element-77a23fe0 e-flex e-con-boxed e-con e-parent\" data-id=\"77a23fe0\" data-element_type=\"container\" data-settings=\"{&quot;background_background&quot;:&quot;classic&quot;}\">\n\t\t\t\t\t<div class=\"e-con-inner\">\n\t\t<div class=\"elementor-element elementor-element-2cf864d6 e-con-full e-flex e-con e-child\" data-id=\"2cf864d6\" data-element_type=\"container\">\n\t\t\t\t<div class=\"elementor-element elementor-element-ca683be elementor-widget elementor-widget-heading\" data-id=\"ca683be\" data-element_type=\"widget\" data-widget_type=\"heading.default\">\n\t\t\t\t<div class=\"elementor-widget-container\">\n\t\t\t\t\t<h2 class=\"elementor-heading-title elementor-size-default\">Relaxation ludique pour enfants<\/h2>\t\t\t\t<\/div>\n\t\t\t\t<\/div>\n\t\t\t\t<div class=\"elementor-element elementor-element-43f48f6f elementor-widget elementor-widget-text-editor\" data-id=\"43f48f6f\" data-element_type=\"widget\" data-widget_type=\"text-editor.default\">\n\t\t\t\t<div class=\"elementor-widget-container\">\n\t\t\t\t\t\t\t\t\t<p>Pour aider vos enfants \u00e0\u00a0<strong>apaiser leurs \u00e9motions, retrouver leur calme et s\u2019\u00e9panouir<\/strong>, gr\u00e2ce \u00e0 des exercices simples et amusants adapt\u00e9s \u00e0 leur \u00e2ge.<\/p>\t\t\t\t\t\t\t\t<\/div>\n\t\t\t\t<\/div>\n\t\t\t\t<div class=\"elementor-element elementor-element-37f990bc elementor-align-left elementor-mobile-align-center elementor-widget elementor-widget-button\" data-id=\"37f990bc\" data-element_type=\"widget\" data-widget_type=\"button.default\">\n\t\t\t\t<div class=\"elementor-widget-container\">\n\t\t\t\t\t\t\t\t\t<div class=\"elementor-button-wrapper\">\n\t\t\t\t\t<a class=\"elementor-button elementor-button-link elementor-size-sm\" href=\"https:\/\/www.cassandrepramil.fr\/index.php\/relaxation-ludique-pour-enfants\/\">\n\t\t\t\t\t\t<span class=\"elementor-button-content-wrapper\">\n\t\t\t\t\t\t\t\t\t<span class=\"elementor-button-text\">D\u00e9couvrir<\/span>\n\t\t\t\t\t<\/span>\n\t\t\t\t\t<\/a>\n\t\t\t\t<\/div>\n\t\t\t\t\t\t\t\t<\/div>\n\t\t\t\t<\/div>\n\t\t\t\t<\/div>\n\t\t<div class=\"elementor-element elementor-element-454a5250 e-con-full e-flex e-con e-child\" data-id=\"454a5250\" data-element_type=\"container\">\n\t\t\t\t<div class=\"elementor-element elementor-element-617cd69e elementor-widget-mobile__width-inherit e-transform e-transform elementor-invisible elementor-widget elementor-widget-image\" data-id=\"617cd69e\" data-element_type=\"widget\" data-settings=\"{&quot;_animation&quot;:&quot;fadeInUp&quot;,&quot;_animation_mobile&quot;:&quot;none&quot;,&quot;_transform_scale_effect_mobile&quot;:{&quot;unit&quot;:&quot;px&quot;,&quot;size&quot;:2,&quot;sizes&quot;:[]},&quot;_transform_translateX_effect_mobile&quot;:{&quot;unit&quot;:&quot;px&quot;,&quot;size&quot;:0,&quot;sizes&quot;:[]},&quot;_transform_translateY_effect_mobile&quot;:{&quot;unit&quot;:&quot;px&quot;,&quot;size&quot;:73,&quot;sizes&quot;:[]},&quot;_transform_translateX_effect&quot;:{&quot;unit&quot;:&quot;px&quot;,&quot;size&quot;:&quot;&quot;,&quot;sizes&quot;:[]},&quot;_transform_translateX_effect_tablet&quot;:{&quot;unit&quot;:&quot;px&quot;,&quot;size&quot;:&quot;&quot;,&quot;sizes&quot;:[]},&quot;_transform_translateY_effect&quot;:{&quot;unit&quot;:&quot;px&quot;,&quot;size&quot;:&quot;&quot;,&quot;sizes&quot;:[]},&quot;_transform_translateY_effect_tablet&quot;:{&quot;unit&quot;:&quot;px&quot;,&quot;size&quot;:&quot;&quot;,&quot;sizes&quot;:[]},&quot;_transform_scale_effect&quot;:{&quot;unit&quot;:&quot;px&quot;,&quot;size&quot;:&quot;&quot;,&quot;sizes&quot;:[]},&quot;_transform_scale_effect_tablet&quot;:{&quot;unit&quot;:&quot;px&quot;,&quot;size&quot;:&quot;&quot;,&quot;sizes&quot;:[]}}\" data-widget_type=\"image.default\">\n\t\t\t\t<div class=\"elementor-widget-container\">\n\t\t\t\t\t\t\t\t\t\t\t\t\t\t\t<img decoding=\"async\" width=\"800\" height=\"534\" src=\"https:\/\/www.cassandrepramil.fr\/wp-content\/uploads\/2025\/10\/PHOTO-2025-10-02-14-46-34-1024x683.jpg\" class=\"attachment-large size-large wp-image-1722\" alt=\"\" srcset=\"https:\/\/www.cassandrepramil.fr\/wp-content\/uploads\/2025\/10\/PHOTO-2025-10-02-14-46-34-1024x683.jpg 1024w, https:\/\/www.cassandrepramil.fr\/wp-content\/uploads\/2025\/10\/PHOTO-2025-10-02-14-46-34-300x200.jpg 300w, https:\/\/www.cassandrepramil.fr\/wp-content\/uploads\/2025\/10\/PHOTO-2025-10-02-14-46-34-768x512.jpg 768w, https:\/\/www.cassandrepramil.fr\/wp-content\/uploads\/2025\/10\/PHOTO-2025-10-02-14-46-34-1536x1025.jpg 1536w, https:\/\/www.cassandrepramil.fr\/wp-content\/uploads\/2025\/10\/PHOTO-2025-10-02-14-46-34-1200x800.jpg 1200w, https:\/\/www.cassandrepramil.fr\/wp-content\/uploads\/2025\/10\/PHOTO-2025-10-02-14-46-34.jpg 2048w\" sizes=\"(max-width: 800px) 100vw, 800px\" \/>\t\t\t\t\t\t\t\t\t\t\t\t\t\t\t<\/div>\n\t\t\t\t<\/div>\n\t\t\t\t<div class=\"elementor-element elementor-element-db67f86 elementor-widget elementor-widget-image\" data-id=\"db67f86\" data-element_type=\"widget\" data-widget_type=\"image.default\">\n\t\t\t\t<div class=\"elementor-widget-container\">\n\t\t\t\t\t\t\t\t\t\t\t\t\t\t\t<img decoding=\"async\" width=\"450\" height=\"225\" src=\"https:\/\/www.cassandrepramil.fr\/wp-content\/uploads\/2025\/07\/half-circle.svg\" class=\"attachment-medium_large size-medium_large wp-image-10\" alt=\"\" \/>\t\t\t\t\t\t\t\t\t\t\t\t\t\t\t<\/div>\n\t\t\t\t<\/div>\n\t\t\t\t<\/div>\n\t\t\t\t\t<\/div>\n\t\t\t\t<\/div>\n\t\t<div class=\"elementor-element elementor-element-7749a77 e-flex e-con-boxed e-con e-parent\" data-id=\"7749a77\" data-element_type=\"container\" data-settings=\"{&quot;background_background&quot;:&quot;classic&quot;}\">\n\t\t\t\t\t<div class=\"e-con-inner\">\n\t\t<div class=\"elementor-element elementor-element-4c49ddf1 e-con-full e-flex e-con e-child\" data-id=\"4c49ddf1\" data-element_type=\"container\">\n\t\t\t\t<div class=\"elementor-element elementor-element-6d58d48b elementor-widget elementor-widget-heading\" data-id=\"6d58d48b\" data-element_type=\"widget\" data-widget_type=\"heading.default\">\n\t\t\t\t<div class=\"elementor-widget-container\">\n\t\t\t\t\t<h2 class=\"elementor-heading-title elementor-size-default\">Sophrologie p\u00e9rinatale<\/h2>\t\t\t\t<\/div>\n\t\t\t\t<\/div>\n\t\t\t\t<div class=\"elementor-element elementor-element-2cc740d3 elementor-widget elementor-widget-text-editor\" data-id=\"2cc740d3\" data-element_type=\"widget\" data-widget_type=\"text-editor.default\">\n\t\t\t\t<div class=\"elementor-widget-container\">\n\t\t\t\t\t\t\t\t\t<p>Pour vivre votre grossesse, pr\u00e9parer votre accouchement et traverser votre post-partum avec\u00a0<strong>confiance et s\u00e9r\u00e9nit\u00e9<\/strong>.<\/p>\t\t\t\t\t\t\t\t<\/div>\n\t\t\t\t<\/div>\n\t\t\t\t<div class=\"elementor-element elementor-element-4707f4af elementor-align-left elementor-mobile-align-center elementor-widget elementor-widget-button\" data-id=\"4707f4af\" data-element_type=\"widget\" data-widget_type=\"button.default\">\n\t\t\t\t<div class=\"elementor-widget-container\">\n\t\t\t\t\t\t\t\t\t<div class=\"elementor-button-wrapper\">\n\t\t\t\t\t<a class=\"elementor-button elementor-button-link elementor-size-sm\" href=\"https:\/\/www.cassandrepramil.fr\/index.php\/sophrologie-perinatale\/\">\n\t\t\t\t\t\t<span class=\"elementor-button-content-wrapper\">\n\t\t\t\t\t\t\t\t\t<span class=\"elementor-button-text\">D\u00e9couvrir<\/span>\n\t\t\t\t\t<\/span>\n\t\t\t\t\t<\/a>\n\t\t\t\t<\/div>\n\t\t\t\t\t\t\t\t<\/div>\n\t\t\t\t<\/div>\n\t\t\t\t<\/div>\n\t\t<div class=\"elementor-element elementor-element-34e41ac9 e-con-full e-flex e-con e-child\" data-id=\"34e41ac9\" data-element_type=\"container\">\n\t\t\t\t<div class=\"elementor-element elementor-element-1e8c2179 elementor-widget-mobile__width-inherit e-transform elementor-invisible elementor-widget elementor-widget-image\" data-id=\"1e8c2179\" data-element_type=\"widget\" data-settings=\"{&quot;_animation&quot;:&quot;fadeInUp&quot;,&quot;_animation_mobile&quot;:&quot;none&quot;,&quot;_transform_scale_effect_mobile&quot;:{&quot;unit&quot;:&quot;px&quot;,&quot;size&quot;:2,&quot;sizes&quot;:[]},&quot;_transform_scale_effect&quot;:{&quot;unit&quot;:&quot;px&quot;,&quot;size&quot;:&quot;&quot;,&quot;sizes&quot;:[]},&quot;_transform_scale_effect_tablet&quot;:{&quot;unit&quot;:&quot;px&quot;,&quot;size&quot;:&quot;&quot;,&quot;sizes&quot;:[]}}\" data-widget_type=\"image.default\">\n\t\t\t\t<div class=\"elementor-widget-container\">\n\t\t\t\t\t\t\t\t\t\t\t\t\t\t\t<img loading=\"lazy\" decoding=\"async\" width=\"300\" height=\"200\" src=\"https:\/\/www.cassandrepramil.fr\/wp-content\/uploads\/2025\/09\/IMG_5173-300x200.jpg\" class=\"attachment-medium size-medium wp-image-894\" alt=\"\" srcset=\"https:\/\/www.cassandrepramil.fr\/wp-content\/uploads\/2025\/09\/IMG_5173-300x200.jpg 300w, https:\/\/www.cassandrepramil.fr\/wp-content\/uploads\/2025\/09\/IMG_5173.jpg 612w\" sizes=\"(max-width: 300px) 100vw, 300px\" \/>\t\t\t\t\t\t\t\t\t\t\t\t\t\t\t<\/div>\n\t\t\t\t<\/div>\n\t\t\t\t<div class=\"elementor-element elementor-element-7aa029ba elementor-widget elementor-widget-image\" data-id=\"7aa029ba\" data-element_type=\"widget\" data-widget_type=\"image.default\">\n\t\t\t\t<div class=\"elementor-widget-container\">\n\t\t\t\t\t\t\t\t\t\t\t\t\t\t\t<img decoding=\"async\" width=\"450\" height=\"225\" src=\"https:\/\/www.cassandrepramil.fr\/wp-content\/uploads\/2025\/07\/half-circle.svg\" class=\"attachment-medium_large size-medium_large wp-image-10\" alt=\"\" \/>\t\t\t\t\t\t\t\t\t\t\t\t\t\t\t<\/div>\n\t\t\t\t<\/div>\n\t\t\t\t<\/div>\n\t\t\t\t\t<\/div>\n\t\t\t\t<\/div>\n\t\t<div class=\"elementor-element elementor-element-22df6f92 e-con-full e-flex e-con e-parent\" data-id=\"22df6f92\" data-element_type=\"container\">\n\t\t\t\t<\/div>\n\t\t<div class=\"elementor-element elementor-element-143dec7d e-flex e-con-boxed e-con e-parent\" data-id=\"143dec7d\" data-element_type=\"container\" data-settings=\"{&quot;background_background&quot;:&quot;classic&quot;}\">\n\t\t\t\t\t<div class=\"e-con-inner\">\n\t\t\t\t<div class=\"elementor-element elementor-element-5bcbdb64 elementor-widget__width-initial elementor-widget-mobile__width-inherit elementor-widget elementor-widget-heading\" data-id=\"5bcbdb64\" data-element_type=\"widget\" data-widget_type=\"heading.default\">\n\t\t\t\t<div class=\"elementor-widget-container\">\n\t\t\t\t\t<p class=\"elementor-heading-title elementor-size-default\">Besoin d'un accompagnement <br>sur-mesure ?<\/p>\t\t\t\t<\/div>\n\t\t\t\t<\/div>\n\t\t\t\t<div class=\"elementor-element elementor-element-77c2d804 elementor-widget-mobile__width-inherit elementor-widget elementor-widget-heading\" data-id=\"77c2d804\" data-element_type=\"widget\" data-widget_type=\"heading.default\">\n\t\t\t\t<div class=\"elementor-widget-container\">\n\t\t\t\t\t<p class=\"elementor-heading-title elementor-size-default\">R\u00e9servez un appel et racontez-moi votre histoire  !<\/p>\t\t\t\t<\/div>\n\t\t\t\t<\/div>\n\t\t\t\t<div class=\"elementor-element elementor-element-348bc9ef elementor-align-center elementor-widget elementor-widget-button\" data-id=\"348bc9ef\" data-element_type=\"widget\" data-widget_type=\"button.default\">\n\t\t\t\t<div class=\"elementor-widget-container\">\n\t\t\t\t\t\t\t\t\t<div class=\"elementor-button-wrapper\">\n\t\t\t\t\t<a class=\"elementor-button elementor-button-link elementor-size-lg\" href=\"https:\/\/www.cassandrepramil.fr\/index.php\/contact\/\">\n\t\t\t\t\t\t<span class=\"elementor-button-content-wrapper\">\n\t\t\t\t\t\t\t\t\t<span class=\"elementor-button-text\">Me contacter<\/span>\n\t\t\t\t\t<\/span>\n\t\t\t\t\t<\/a>\n\t\t\t\t<\/div>\n\t\t\t\t\t\t\t\t<\/div>\n\t\t\t\t<\/div>\n\t\t\t\t\t<\/div>\n\t\t\t\t<\/div>\n\t\t<div class=\"elementor-element elementor-element-63e9fd5 e-flex e-con-boxed e-con e-parent\" data-id=\"63e9fd5\" data-element_type=\"container\">\n\t\t\t\t\t<div class=\"e-con-inner\">\n\t\t\t\t\t<\/div>\n\t\t\t\t<\/div>\n\t\t\t\t<\/div>\n\t\t","protected":false},"excerpt":{"rendered":"<p>Mes services Parce que chaque famille est unique (et que les manuels parfaits de parentalit\u00e9 n\u2019existent pas),\u00a0j\u2019offre des solutions douces et adapt\u00e9es \u00e0 vos besoins. Ici, vous trouverez une oreille attentive, un soutien chaleureux\u2026 et un peu de l\u00e9g\u00e8ret\u00e9 pour d\u00e9dramatiser le quotidien. Sommeil b\u00e9b\u00e9 et enfants Pour accompagner toute la famille vers des nuits [&hellip;]<\/p>\n","protected":false},"author":1,"featured_media":0,"parent":0,"menu_order":0,"comment_status":"closed","ping_status":"closed","template":"","meta":{"footnotes":""},"class_list":["post-59","page","type-page","status-publish","hentry"],"_links":{"self":[{"href":"https:\/\/www.cassandrepramil.fr\/index.php\/wp-json\/wp\/v2\/pages\/59","targetHints":{"allow":["GET"]}}],"collection":[{"href":"https:\/\/www.cassandrepramil.fr\/index.php\/wp-json\/wp\/v2\/pages"}],"about":[{"href":"https:\/\/www.cassandrepramil.fr\/index.php\/wp-json\/wp\/v2\/types\/page"}],"author":[{"embeddable":true,"href":"https:\/\/www.cassandrepramil.fr\/index.php\/wp-json\/wp\/v2\/users\/1"}],"replies":[{"embeddable":true,"href":"https:\/\/www.cassandrepramil.fr\/index.php\/wp-json\/wp\/v2\/comments?post=59"}],"version-history":[{"count":258,"href":"https:\/\/www.cassandrepramil.fr\/index.php\/wp-json\/wp\/v2\/pages\/59\/revisions"}],"predecessor-version":[{"id":2078,"href":"https:\/\/www.cassandrepramil.fr\/index.php\/wp-json\/wp\/v2\/pages\/59\/revisions\/2078"}],"wp:attachment":[{"href":"https:\/\/www.cassandrepramil.fr\/index.php\/wp-json\/wp\/v2\/media?parent=59"}],"curies":[{"name":"wp","href":"https:\/\/api.w.org\/{rel}","templated":true}]}}