{"id":57,"date":"2025-03-25T17:02:08","date_gmt":"2025-03-25T16:02:08","guid":{"rendered":"http:\/\/www.cassandrepramil.fr\/index.php\/contact\/"},"modified":"2026-01-19T09:43:56","modified_gmt":"2026-01-19T08:43:56","slug":"contact","status":"publish","type":"page","link":"https:\/\/www.cassandrepramil.fr\/index.php\/contact\/","title":{"rendered":"Contact"},"content":{"rendered":"\t\t<div data-elementor-type=\"wp-page\" data-elementor-id=\"57\" class=\"elementor elementor-57\" data-elementor-post-type=\"page\">\n\t\t\t\t<div class=\"elementor-element elementor-element-147853a1 e-flex e-con-boxed e-con e-parent\" data-id=\"147853a1\" data-element_type=\"container\" data-settings=\"{&quot;background_background&quot;:&quot;classic&quot;}\">\n\t\t\t\t\t<div class=\"e-con-inner\">\n\t\t<div class=\"elementor-element elementor-element-40c2aa70 e-flex e-con-boxed e-con e-child\" data-id=\"40c2aa70\" data-element_type=\"container\">\n\t\t\t\t\t<div class=\"e-con-inner\">\n\t\t\t\t<div class=\"elementor-element elementor-element-70bc91d7 elementor-widget__width-initial elementor-widget elementor-widget-heading\" data-id=\"70bc91d7\" data-element_type=\"widget\" data-widget_type=\"heading.default\">\n\t\t\t\t<div class=\"elementor-widget-container\">\n\t\t\t\t\t<h1 class=\"elementor-heading-title elementor-size-default\">Contact<\/h1>\t\t\t\t<\/div>\n\t\t\t\t<\/div>\n\t\t\t\t<div class=\"elementor-element elementor-element-5758f59b elementor-widget elementor-widget-text-editor\" data-id=\"5758f59b\" data-element_type=\"widget\" data-widget_type=\"text-editor.default\">\n\t\t\t\t<div class=\"elementor-widget-container\">\n\t\t\t\t\t\t\t\t\t<p data-start=\"233\" data-end=\"360\">\u00a0<\/p><p data-start=\"233\" data-end=\"360\">Vous avez une question, besoin d\u2019informations ou envie d\u2019\u00e9changer autour du sommeil de votre enfant ?<\/p><p data-start=\"233\" data-end=\"360\">Je suis \u00e0 votre \u00e9coute.<\/p><h3 data-start=\"506\" data-end=\"520\"><img decoding=\"async\" class=\"emoji\" role=\"img\" draggable=\"false\" src=\"https:\/\/s.w.org\/images\/core\/emoji\/17.0.2\/svg\/2709.svg\" alt=\"\u2709\ufe0f\" \/> Email<\/h3><p data-start=\"521\" data-end=\"550\"><strong data-start=\"521\" data-end=\"550\"><a class=\"decorated-link cursor-pointer\" rel=\"noopener\" data-start=\"523\" data-end=\"548\">cassandrepramil@gmail.com<\/a><\/strong><\/p><h3 data-start=\"444\" data-end=\"462\"><img decoding=\"async\" class=\"emoji\" role=\"img\" draggable=\"false\" src=\"https:\/\/s.w.org\/images\/core\/emoji\/17.0.2\/svg\/1f4de.svg\" alt=\"\ud83d\udcde\" \/> T\u00e9l\u00e9phone<\/h3><p data-start=\"463\" data-end=\"481\"><strong data-start=\"463\" data-end=\"481\">06 74 10 37 38<\/strong><\/p><p data-start=\"463\" data-end=\"481\">\u00a0<\/p><p data-start=\"362\" data-end=\"437\">N\u2019h\u00e9sitez pas \u00e0 me contacter, je vous r\u00e9pondrai dans les plus brefs d\u00e9lais.<\/p><p>\u00c0 tr\u00e8s vite !<\/p>\t\t\t\t\t\t\t\t<\/div>\n\t\t\t\t<\/div>\n\t\t\t\t\t<\/div>\n\t\t\t\t<\/div>\n\t\t\t\t\t<\/div>\n\t\t\t\t<\/div>\n\t\t\t\t<\/div>\n\t\t","protected":false},"excerpt":{"rendered":"<p>Contact \u00a0 Vous avez une question, besoin d\u2019informations ou envie d\u2019\u00e9changer autour du sommeil de votre enfant ? Je suis \u00e0 votre \u00e9coute. Email cassandrepramil@gmail.com T\u00e9l\u00e9phone 06 74 10 37 38 \u00a0 N\u2019h\u00e9sitez pas \u00e0 me contacter, je vous r\u00e9pondrai dans les plus brefs d\u00e9lais. \u00c0 tr\u00e8s vite !<\/p>\n","protected":false},"author":1,"featured_media":0,"parent":0,"menu_order":0,"comment_status":"closed","ping_status":"closed","template":"","meta":{"footnotes":""},"class_list":["post-57","page","type-page","status-publish","hentry"],"_links":{"self":[{"href":"https:\/\/www.cassandrepramil.fr\/index.php\/wp-json\/wp\/v2\/pages\/57","targetHints":{"allow":["GET"]}}],"collection":[{"href":"https:\/\/www.cassandrepramil.fr\/index.php\/wp-json\/wp\/v2\/pages"}],"about":[{"href":"https:\/\/www.cassandrepramil.fr\/index.php\/wp-json\/wp\/v2\/types\/page"}],"author":[{"embeddable":true,"href":"https:\/\/www.cassandrepramil.fr\/index.php\/wp-json\/wp\/v2\/users\/1"}],"replies":[{"embeddable":true,"href":"https:\/\/www.cassandrepramil.fr\/index.php\/wp-json\/wp\/v2\/comments?post=57"}],"version-history":[{"count":63,"href":"https:\/\/www.cassandrepramil.fr\/index.php\/wp-json\/wp\/v2\/pages\/57\/revisions"}],"predecessor-version":[{"id":1921,"href":"https:\/\/www.cassandrepramil.fr\/index.php\/wp-json\/wp\/v2\/pages\/57\/revisions\/1921"}],"wp:attachment":[{"href":"https:\/\/www.cassandrepramil.fr\/index.php\/wp-json\/wp\/v2\/media?parent=57"}],"curies":[{"name":"wp","href":"https:\/\/api.w.org\/{rel}","templated":true}]}}